{"id":17,"date":"2020-12-19T15:47:45","date_gmt":"2020-12-19T15:47:45","guid":{"rendered":"https:\/\/www.barutotomasyon.com\/?page_id=17"},"modified":"2020-12-20T15:06:44","modified_gmt":"2020-12-20T15:06:44","slug":"iletisim","status":"publish","type":"page","link":"http:\/\/www.barutotomasyon.com\/?page_id=17","title":{"rendered":"\u0130leti\u015fim"},"content":{"rendered":"\t<section class=\"section\" id=\"section_542590947\">\n\t\t<div class=\"bg section-bg fill bg-fill  \" >\n\n\t\t\t\n\t\t\t\n\t\t\t\n\n\t\t<\/div><!-- .section-bg -->\n\n\t\t<div class=\"section-content relative\">\n\t\t\t\n<div class=\"row\"  id=\"row-1178790039\">\n<div class=\"col small-12 large-12\"  ><div class=\"col-inner box-shadow-3\"  >\n<div class=\"gap-element\" style=\"display:block; height:auto; padding-top:35px\" class=\"clearfix\"><\/div>\n\n  <div class=\"banner has-hover\" id=\"banner-685596039\">\n          <div class=\"banner-inner fill\">\n        <div class=\"banner-bg fill\" >\n            <div class=\"bg fill bg-fill \"><\/div>\n                                    \n                    <\/div><!-- bg-layers -->\n        <div class=\"banner-layers container\">\n            <div class=\"fill banner-link\"><\/div>            \n   <div id=\"text-box-593859195\" class=\"text-box banner-layer x50 md-x10 lg-x10 y10 md-y15 lg-y15 res-text\">\n                                <div class=\"text \">\n              \n              <div class=\"text-inner text-center\">\n                  \n<div class=\"gap-element\" style=\"display:block; height:auto; padding-top:15px\" class=\"clearfix\"><\/div>\n<h3 class=\"uppercase\"><span style=\"font-size: 90%;\"><strong>Barut otomasyon<\/strong><\/span><\/h3>\n<p>G\u00f6r\u00fc\u015f ve \u00f6neri\u015fleriniz i\u00e7in l\u00fctfen bizimle ileti\u015fime ge\u00e7in.<\/p>\n<p><span style=\"font-size: 80%;\">Sizlere hizmet sunmaktan mutluluk duyar\u0131z.<\/span><\/p>\n<p><strong>Emekyemez Mah. Yan\u0131kkap\u0131 Sk. Ortaklar \u0130\u015f Han\u0131 No:15\/B D:5 Beyo\u011flu \/ \u0130STANBUL<\/strong><\/p>\n<p><strong>Tel:\u00a00530 306 92 61<\/strong><\/p>\n<p><strong>www.barutotomasyon.com<\/strong><\/p>\n<p><strong>info@barutotomasyon.com<\/strong><\/p>\n<div class=\"social-icons follow-icons \" ><a href=\"x\" target=\"_blank\"  data-label=\"Twitter\"  rel=\"noopener noreferrer nofollow\" class=\"icon plain  twitter tooltip\" title=\"Twitter' da Takip Edin\"><i class=\"icon-twitter\" ><\/i><\/a><a href=\"mailto:x\" data-label=\"E-mail\"  rel=\"nofollow\" class=\"icon plain  email tooltip\" title=\"Bize email g\u00f6nderin\"><i class=\"icon-envelop\" ><\/i><\/a><a href=\"x\" target=\"_blank\" rel=\"noopener noreferrer nofollow\"  data-label=\"Pinterest\"  class=\"icon plain  pinterest tooltip\" title=\"Pinterest' te Takip Edin\"><i class=\"icon-pinterest\" ><\/i><\/a><a href=\"x\" target=\"_blank\" rel=\"noopener noreferrer nofollow\"  data-label=\"Google+\"  class=\"icon plain  google-plus tooltip\" title=\"Google+' ta Takip Edin\"><i class=\"icon-google-plus\" ><\/i><\/a><a href=\"x\" target=\"_blank\" rel=\"noopener noreferrer nofollow\" data-label=\"LinkedIn\" class=\"icon plain  linkedin tooltip\" title=\"Follow on LinkedIn\"><i class=\"icon-linkedin\" ><\/i><\/a><\/div>\n              <\/div>\n           <\/div><!-- text-box-inner -->\n                            \n<style scope=\"scope\">\n\n#text-box-593859195 {\n  width: 69%;\n}\n#text-box-593859195 .text {\n  font-size: 100%;\n}\n\n\n@media (min-width:550px) {\n\n  #text-box-593859195 {\n    width: 38%;\n  }\n\n}\n<\/style>\n    <\/div><!-- text-box -->\n \n   <div id=\"text-box-1701731389\" class=\"text-box banner-layer x50 md-x90 lg-x90 y90 md-y50 lg-y50 res-text\">\n                                <div class=\"text \">\n              \n              <div class=\"text-inner text-left\">\n                  \n<div class=\"gap-element\" style=\"display:block; height:auto; padding-top:50px\" class=\"clearfix\"><\/div>\n<p>\n<div role=\"form\" class=\"wpcf7\" id=\"wpcf7-f148-o1\" lang=\"tr-TR\" dir=\"ltr\">\n<div class=\"screen-reader-response\"><p role=\"status\" aria-live=\"polite\" aria-atomic=\"true\"><\/p> <ul><\/ul><\/div>\n<form action=\"\/index.php?rest_route=%2Fwp%2Fv2%2Fpages%2F17#wpcf7-f148-o1\" method=\"post\" class=\"wpcf7-form init\" novalidate=\"novalidate\" data-status=\"init\">\n<div style=\"display: none;\">\n<input type=\"hidden\" name=\"_wpcf7\" value=\"148\" \/>\n<input type=\"hidden\" name=\"_wpcf7_version\" value=\"5.3.2\" \/>\n<input type=\"hidden\" name=\"_wpcf7_locale\" value=\"tr_TR\" \/>\n<input type=\"hidden\" name=\"_wpcf7_unit_tag\" value=\"wpcf7-f148-o1\" \/>\n<input type=\"hidden\" name=\"_wpcf7_container_post\" value=\"0\" \/>\n<input type=\"hidden\" name=\"_wpcf7_posted_data_hash\" value=\"\" \/>\n<\/div>\n<p><label> Ad\u0131n\u0131z<br \/>\n    <span class=\"wpcf7-form-control-wrap your-name\"><input type=\"text\" name=\"your-name\" value=\"\" size=\"40\" class=\"wpcf7-form-control wpcf7-text wpcf7-validates-as-required\" aria-required=\"true\" aria-invalid=\"false\" \/><\/span> <\/label><\/p>\n<p><label> E-posta adresiniz<br \/>\n    <span class=\"wpcf7-form-control-wrap your-email\"><input type=\"email\" name=\"your-email\" value=\"\" size=\"40\" class=\"wpcf7-form-control wpcf7-text wpcf7-email wpcf7-validates-as-required wpcf7-validates-as-email\" aria-required=\"true\" aria-invalid=\"false\" \/><\/span> <\/label><\/p>\n<p><label> Konu<br \/>\n    <span class=\"wpcf7-form-control-wrap your-subject\"><input type=\"text\" name=\"your-subject\" value=\"\" size=\"40\" class=\"wpcf7-form-control wpcf7-text wpcf7-validates-as-required\" aria-required=\"true\" aria-invalid=\"false\" \/><\/span> <\/label><\/p>\n<p><label> \u0130letiniz (tercihe ba\u011fl\u0131)<br \/>\n    <span class=\"wpcf7-form-control-wrap your-message\"><textarea name=\"your-message\" cols=\"40\" rows=\"10\" class=\"wpcf7-form-control wpcf7-textarea\" aria-invalid=\"false\"><\/textarea><\/span> <\/label><\/p>\n<p><input type=\"submit\" value=\"G\u00f6nder\" class=\"wpcf7-form-control wpcf7-submit\" \/><\/p>\n<div class=\"wpcf7-response-output\" aria-hidden=\"true\"><\/div><\/form><\/div>\n              <\/div>\n           <\/div><!-- text-box-inner -->\n                            \n<style scope=\"scope\">\n\n#text-box-1701731389 {\n  width: 75%;\n}\n#text-box-1701731389 .text {\n  font-size: 100%;\n}\n\n\n@media (min-width:550px) {\n\n  #text-box-1701731389 {\n    width: 36%;\n  }\n\n}\n<\/style>\n    <\/div><!-- text-box -->\n \n        <\/div><!-- .banner-layers -->\n      <\/div><!-- .banner-inner -->\n\n            \n<style scope=\"scope\">\n\n#banner-685596039 {\n  padding-top: 889px;\n  background-color: rgba(255, 255, 255, 0.91);\n}\n\n\n@media (min-width:550px) {\n\n  #banner-685596039 {\n    padding-top: 495px;\n  }\n\n}\n<\/style>\n  <\/div><!-- .banner -->\n\n\n<\/div><\/div>\n<\/div>\n\t\t<\/div><!-- .section-content -->\n\n\t\t\n<style scope=\"scope\">\n\n#section_542590947 {\n  padding-top: 30px;\n  padding-bottom: 30px;\n}\n#section_542590947 .section-bg.bg-loaded {\n  background-image: url(http:\/\/www.barutotomasyon.com\/wp-content\/uploads\/2020\/12\/banner-1-1.jpg);\n}\n#section_542590947 .section-bg {\n  background-position: 26% 58%;\n}\n<\/style>\n\t<\/section>\n\t\n","protected":false},"excerpt":{"rendered":"","protected":false},"author":1,"featured_media":0,"parent":0,"menu_order":0,"comment_status":"closed","ping_status":"closed","template":"","meta":{"footnotes":""},"class_list":["post-17","page","type-page","status-publish","hentry"],"_links":{"self":[{"href":"http:\/\/www.barutotomasyon.com\/index.php?rest_route=\/wp\/v2\/pages\/17","targetHints":{"allow":["GET"]}}],"collection":[{"href":"http:\/\/www.barutotomasyon.com\/index.php?rest_route=\/wp\/v2\/pages"}],"about":[{"href":"http:\/\/www.barutotomasyon.com\/index.php?rest_route=\/wp\/v2\/types\/page"}],"author":[{"embeddable":true,"href":"http:\/\/www.barutotomasyon.com\/index.php?rest_route=\/wp\/v2\/users\/1"}],"replies":[{"embeddable":true,"href":"http:\/\/www.barutotomasyon.com\/index.php?rest_route=%2Fwp%2Fv2%2Fcomments&post=17"}],"version-history":[{"count":4,"href":"http:\/\/www.barutotomasyon.com\/index.php?rest_route=\/wp\/v2\/pages\/17\/revisions"}],"predecessor-version":[{"id":153,"href":"http:\/\/www.barutotomasyon.com\/index.php?rest_route=\/wp\/v2\/pages\/17\/revisions\/153"}],"wp:attachment":[{"href":"http:\/\/www.barutotomasyon.com\/index.php?rest_route=%2Fwp%2Fv2%2Fmedia&parent=17"}],"curies":[{"name":"wp","href":"https:\/\/api.w.org\/{rel}","templated":true}]}}